{"id":4653,"date":"2024-04-27T11:44:22","date_gmt":"2024-04-27T09:44:22","guid":{"rendered":"https:\/\/boutique.acorpsbeaute.com\/holistic-beauty\/"},"modified":"2025-03-04T10:55:32","modified_gmt":"2025-03-04T09:55:32","slug":"holistic-beauty","status":"publish","type":"page","link":"https:\/\/www.dev.boutique.acorpsbeaute.com\/en\/holistic-beauty\/","title":{"rendered":"Holistic beauty"},"content":{"rendered":"\t\t<div data-elementor-type=\"wp-page\" data-elementor-id=\"4653\" class=\"elementor elementor-4653 elementor-2\" data-elementor-post-type=\"page\">\n\t\t\t\t<div class=\"elementor-element elementor-element-1f254e1f e-flex e-con-boxed e-con e-parent\" data-id=\"1f254e1f\" data-element_type=\"container\" data-e-type=\"container\">\n\t\t\t\t\t<div class=\"e-con-inner\">\n\t\t\t\t<div class=\"elementor-element elementor-element-3bee6e00 elementor-widget elementor-widget-text-editor\" data-id=\"3bee6e00\" data-element_type=\"widget\" data-e-type=\"widget\" data-widget_type=\"text-editor.default\">\n\t\t\t\t<div class=\"elementor-widget-container\">\n\t\t\t\t\t\t\t\t\t\n<p>Dans un soucis de beaut\u00e9 holistique, vos centres d&#8217;esth\u00e9tique A&#8217;Corps Beaut\u00e9 ont s\u00e9lectionn\u00e9 divers soins correspondant chacun \u00e0 une expertise sp\u00e9cifique. Retrouvez ici le <strong>soin du regard<\/strong> : shampooing et soin pour les cils et sourcils, maquillage sp\u00e9cifiques. Les produits de <strong>soin capillaire<\/strong> : repousse, entretien des cheveux secs ou des cheveux gras\u2026 Mais \u00e9galement les produits de soin des mains et des pieds : set de <strong><a href=\"https:\/\/acorpsbeaute.com\/calluspeeling\/\">calluspeeling<\/a><\/strong>, soin fortifiant pour les ongles\u2026<\/p>\n<hr class=\"wp-block-separator has-alpha-channel-opacity\" \/>\n<div class=\"wp-block-columns\">\n<div class=\"wp-block-column\"><\/div>\n\n<div class=\"wp-block-column\"><\/div>\n<\/div>\n\t\t\t\t\t\t\t\t<\/div>\n\t\t\t\t<\/div>\n\t\t\t\t\t<\/div>\n\t\t\t\t<\/div>\n\t\t\t\t<\/div>\n\t\t","protected":false},"excerpt":{"rendered":"<p>With holistic beauty in mind, your A&#8217;Corps Beaut\u00e9 beauty centers have selected a range of treatments, each corresponding to a specific expertise. Here you&#8217;ll find eye care: shampoo and care for eyelashes and eyebrows, special make-up. Hair care products: regrowth, maintenance of dry or oily hair&#8230; But also hand and foot care products: callus peeling [&hellip;]<\/p>\n","protected":false},"author":1,"featured_media":0,"parent":0,"menu_order":0,"comment_status":"closed","ping_status":"open","template":"","meta":{"ocean_post_layout":"","ocean_both_sidebars_style":"","ocean_both_sidebars_content_width":0,"ocean_both_sidebars_sidebars_width":0,"ocean_sidebar":"","ocean_second_sidebar":"","ocean_disable_margins":"enable","ocean_add_body_class":"","ocean_shortcode_before_top_bar":"","ocean_shortcode_after_top_bar":"","ocean_shortcode_before_header":"","ocean_shortcode_after_header":"","ocean_has_shortcode":"","ocean_shortcode_after_title":"","ocean_shortcode_before_footer_widgets":"","ocean_shortcode_after_footer_widgets":"","ocean_shortcode_before_footer_bottom":"","ocean_shortcode_after_footer_bottom":"","ocean_display_top_bar":"default","ocean_display_header":"default","ocean_header_style":"","ocean_center_header_left_menu":"","ocean_custom_header_template":"","ocean_custom_logo":0,"ocean_custom_retina_logo":0,"ocean_custom_logo_max_width":0,"ocean_custom_logo_tablet_max_width":0,"ocean_custom_logo_mobile_max_width":0,"ocean_custom_logo_max_height":0,"ocean_custom_logo_tablet_max_height":0,"ocean_custom_logo_mobile_max_height":0,"ocean_header_custom_menu":"","ocean_menu_typo_font_family":"","ocean_menu_typo_font_subset":"","ocean_menu_typo_font_size":0,"ocean_menu_typo_font_size_tablet":0,"ocean_menu_typo_font_size_mobile":0,"ocean_menu_typo_font_size_unit":"px","ocean_menu_typo_font_weight":"","ocean_menu_typo_font_weight_tablet":"","ocean_menu_typo_font_weight_mobile":"","ocean_menu_typo_transform":"","ocean_menu_typo_transform_tablet":"","ocean_menu_typo_transform_mobile":"","ocean_menu_typo_line_height":0,"ocean_menu_typo_line_height_tablet":0,"ocean_menu_typo_line_height_mobile":0,"ocean_menu_typo_line_height_unit":"","ocean_menu_typo_spacing":0,"ocean_menu_typo_spacing_tablet":0,"ocean_menu_typo_spacing_mobile":0,"ocean_menu_typo_spacing_unit":"","ocean_menu_link_color":"","ocean_menu_link_color_hover":"","ocean_menu_link_color_active":"","ocean_menu_link_background":"","ocean_menu_link_hover_background":"","ocean_menu_link_active_background":"","ocean_menu_social_links_bg":"","ocean_menu_social_hover_links_bg":"","ocean_menu_social_links_color":"","ocean_menu_social_hover_links_color":"","ocean_disable_title":"default","ocean_disable_heading":"default","ocean_post_title":"","ocean_post_subheading":"","ocean_post_title_style":"","ocean_post_title_background_color":"","ocean_post_title_background":0,"ocean_post_title_bg_image_position":"","ocean_post_title_bg_image_attachment":"","ocean_post_title_bg_image_repeat":"","ocean_post_title_bg_image_size":"","ocean_post_title_height":0,"ocean_post_title_bg_overlay":0.5,"ocean_post_title_bg_overlay_color":"","ocean_disable_breadcrumbs":"default","ocean_breadcrumbs_color":"","ocean_breadcrumbs_separator_color":"","ocean_breadcrumbs_links_color":"","ocean_breadcrumbs_links_hover_color":"","ocean_display_footer_widgets":"default","ocean_display_footer_bottom":"default","ocean_custom_footer_template":"","osh_disable_topbar_sticky":"default","osh_disable_header_sticky":"default","osh_sticky_header_style":"default","osh_sticky_header_effect":"","osh_custom_sticky_logo":0,"osh_custom_retina_sticky_logo":0,"osh_custom_sticky_logo_height":0,"osh_background_color":"","osh_links_color":"","osh_links_hover_color":"","osh_links_active_color":"","osh_links_bg_color":"","osh_links_hover_bg_color":"","osh_links_active_bg_color":"","osh_menu_social_links_color":"","osh_menu_social_hover_links_color":"","footnotes":""},"class_list":["post-4653","page","type-page","status-publish","hentry","entry","owp-thumbs-layout-horizontal","owp-btn-normal","owp-tabs-layout-horizontal","has-no-thumbnails","has-product-nav"],"yoast_head":"<!-- This site is optimized with the Yoast SEO plugin v27.3 - https:\/\/yoast.com\/product\/yoast-seo-wordpress\/ -->\n<title>Holistic beauty -<\/title>\n<meta name=\"description\" content=\"Discover the ACB selection for various treatments: eye care, hair care, hand and foot care... For holistic beauty!\" \/>\n<meta name=\"robots\" content=\"index, follow, max-snippet:-1, max-image-preview:large, max-video-preview:-1\" \/>\n<link rel=\"canonical\" href=\"https:\/\/www.dev.boutique.acorpsbeaute.com\/en\/holistic-beauty\/\" \/>\n<script type=\"application\/ld+json\" class=\"yoast-schema-graph\">{\"@context\":\"https:\\\/\\\/schema.org\",\"@graph\":[{\"@type\":\"WebPage\",\"@id\":\"https:\\\/\\\/www.dev.boutique.acorpsbeaute.com\\\/en\\\/holistic-beauty\\\/\",\"url\":\"https:\\\/\\\/www.dev.boutique.acorpsbeaute.com\\\/en\\\/holistic-beauty\\\/\",\"name\":\"Holistic beauty -\",\"isPartOf\":{\"@id\":\"https:\\\/\\\/www.dev.boutique.acorpsbeaute.com\\\/en\\\/#website\"},\"datePublished\":\"2024-04-27T09:44:22+00:00\",\"dateModified\":\"2025-03-04T09:55:32+00:00\",\"description\":\"Discover the ACB selection for various treatments: eye care, hair care, hand and foot care... For holistic beauty!\",\"breadcrumb\":{\"@id\":\"https:\\\/\\\/www.dev.boutique.acorpsbeaute.com\\\/en\\\/holistic-beauty\\\/#breadcrumb\"},\"inLanguage\":\"en-US\",\"potentialAction\":[{\"@type\":\"ReadAction\",\"target\":[\"https:\\\/\\\/www.dev.boutique.acorpsbeaute.com\\\/en\\\/holistic-beauty\\\/\"]}]},{\"@type\":\"BreadcrumbList\",\"@id\":\"https:\\\/\\\/www.dev.boutique.acorpsbeaute.com\\\/en\\\/holistic-beauty\\\/#breadcrumb\",\"itemListElement\":[{\"@type\":\"ListItem\",\"position\":1,\"name\":\"Accueil\",\"item\":\"https:\\\/\\\/www.dev.boutique.acorpsbeaute.com\\\/en\\\/acorps-beaute-boutique\\\/\"},{\"@type\":\"ListItem\",\"position\":2,\"name\":\"Holistic beauty\"}]},{\"@type\":\"WebSite\",\"@id\":\"https:\\\/\\\/www.dev.boutique.acorpsbeaute.com\\\/en\\\/#website\",\"url\":\"https:\\\/\\\/www.dev.boutique.acorpsbeaute.com\\\/en\\\/\",\"name\":\"\",\"description\":\"\",\"potentialAction\":[{\"@type\":\"SearchAction\",\"target\":{\"@type\":\"EntryPoint\",\"urlTemplate\":\"https:\\\/\\\/www.dev.boutique.acorpsbeaute.com\\\/en\\\/?s={search_term_string}\"},\"query-input\":{\"@type\":\"PropertyValueSpecification\",\"valueRequired\":true,\"valueName\":\"search_term_string\"}}],\"inLanguage\":\"en-US\"}]}<\/script>\n<!-- \/ Yoast SEO plugin. -->","yoast_head_json":{"title":"Holistic beauty -","description":"Discover the ACB selection for various treatments: eye care, hair care, hand and foot care... For holistic beauty!","robots":{"index":"index","follow":"follow","max-snippet":"max-snippet:-1","max-image-preview":"max-image-preview:large","max-video-preview":"max-video-preview:-1"},"canonical":"https:\/\/www.dev.boutique.acorpsbeaute.com\/en\/holistic-beauty\/","schema":{"@context":"https:\/\/schema.org","@graph":[{"@type":"WebPage","@id":"https:\/\/www.dev.boutique.acorpsbeaute.com\/en\/holistic-beauty\/","url":"https:\/\/www.dev.boutique.acorpsbeaute.com\/en\/holistic-beauty\/","name":"Holistic beauty -","isPartOf":{"@id":"https:\/\/www.dev.boutique.acorpsbeaute.com\/en\/#website"},"datePublished":"2024-04-27T09:44:22+00:00","dateModified":"2025-03-04T09:55:32+00:00","description":"Discover the ACB selection for various treatments: eye care, hair care, hand and foot care... For holistic beauty!","breadcrumb":{"@id":"https:\/\/www.dev.boutique.acorpsbeaute.com\/en\/holistic-beauty\/#breadcrumb"},"inLanguage":"en-US","potentialAction":[{"@type":"ReadAction","target":["https:\/\/www.dev.boutique.acorpsbeaute.com\/en\/holistic-beauty\/"]}]},{"@type":"BreadcrumbList","@id":"https:\/\/www.dev.boutique.acorpsbeaute.com\/en\/holistic-beauty\/#breadcrumb","itemListElement":[{"@type":"ListItem","position":1,"name":"Accueil","item":"https:\/\/www.dev.boutique.acorpsbeaute.com\/en\/acorps-beaute-boutique\/"},{"@type":"ListItem","position":2,"name":"Holistic beauty"}]},{"@type":"WebSite","@id":"https:\/\/www.dev.boutique.acorpsbeaute.com\/en\/#website","url":"https:\/\/www.dev.boutique.acorpsbeaute.com\/en\/","name":"","description":"","potentialAction":[{"@type":"SearchAction","target":{"@type":"EntryPoint","urlTemplate":"https:\/\/www.dev.boutique.acorpsbeaute.com\/en\/?s={search_term_string}"},"query-input":{"@type":"PropertyValueSpecification","valueRequired":true,"valueName":"search_term_string"}}],"inLanguage":"en-US"}]}},"_links":{"self":[{"href":"https:\/\/www.dev.boutique.acorpsbeaute.com\/en\/wp-json\/wp\/v2\/pages\/4653","targetHints":{"allow":["GET"]}}],"collection":[{"href":"https:\/\/www.dev.boutique.acorpsbeaute.com\/en\/wp-json\/wp\/v2\/pages"}],"about":[{"href":"https:\/\/www.dev.boutique.acorpsbeaute.com\/en\/wp-json\/wp\/v2\/types\/page"}],"author":[{"embeddable":true,"href":"https:\/\/www.dev.boutique.acorpsbeaute.com\/en\/wp-json\/wp\/v2\/users\/1"}],"replies":[{"embeddable":true,"href":"https:\/\/www.dev.boutique.acorpsbeaute.com\/en\/wp-json\/wp\/v2\/comments?post=4653"}],"version-history":[{"count":1,"href":"https:\/\/www.dev.boutique.acorpsbeaute.com\/en\/wp-json\/wp\/v2\/pages\/4653\/revisions"}],"predecessor-version":[{"id":4654,"href":"https:\/\/www.dev.boutique.acorpsbeaute.com\/en\/wp-json\/wp\/v2\/pages\/4653\/revisions\/4654"}],"wp:attachment":[{"href":"https:\/\/www.dev.boutique.acorpsbeaute.com\/en\/wp-json\/wp\/v2\/media?parent=4653"}],"curies":[{"name":"wp","href":"https:\/\/api.w.org\/{rel}","templated":true}]}}